{"id":12965,"date":"2024-06-12T17:10:39","date_gmt":"2024-06-12T17:10:39","guid":{"rendered":"https:\/\/onefamhostels.com\/acerca-de-onefam-hostels\/"},"modified":"2026-03-16T11:31:40","modified_gmt":"2026-03-16T11:31:40","slug":"acerca-onefam-hostels","status":"publish","type":"page","link":"https:\/\/onefamhostels.com\/es\/acerca-onefam-hostels\/","title":{"rendered":"Acerca de Onefam Hostels"},"content":{"rendered":"\n<h2 class=\"wp-block-heading\">Acerca de Onefam Hostels | Bienvenido a la FAM<\/h2>\n\n<p>En Onefam Hostels, no solo nos dedicamos a ofrecer una cama para pasar la noche; nos esforzamos por crear una comunidad vibrante donde viajeros de todos los rincones del mundo puedan conectar, compartir experiencias y sentirse realmente como en casa. Creemos en el poder de las aventuras compartidas y las conexiones genuinas, fomentando una familia global de personas con ideas afines. <\/p>\n\n<p>Si est\u00e1s buscando &#8216;hostales cerca de m\u00ed&#8217; que ofrezcan m\u00e1s que solo un lugar para dormir, has llegado al lugar indicado. De eso se trata Onefam Hostels. <\/p>\n\n<h2 class=\"wp-block-heading\">Nuestra historia<\/h2>\n\n<p>Onefam Hostels naci\u00f3 del amor por los viajes y el deseo de crear espacios donde las personas pudieran reunirse y formar lazos duraderos. Nuestros fundadores imaginaron una red de hostales que fomentara un sentido de pertenencia y que hiciera de explorar el mundo una experiencia a\u00fan m\u00e1s enriquecedora. <\/p>\n\n<p>Hoy en d\u00eda, Onefam Hostels se enorgullece de dar la bienvenida a viajeros de todos los rincones del mundo a nuestra creciente familia.<\/p>\n\n<h2 class=\"wp-block-heading\">\u00bfQu\u00e9 diferencia a Onefam?<\/h2>\n\n<p>\u00bfQu\u00e9 es lo que realmente diferencia a Onefam de otros hostales? Es nuestro compromiso de crear una experiencia \u00fanica e inolvidable para cada hu\u00e9sped. <\/p>\n\n<p>Vamos m\u00e1s all\u00e1 de simplemente ofrecer un lugar para dormir; proporcionamos una plataforma para la conexi\u00f3n, la aventura y la inmersi\u00f3n cultural. Ya seas un viajero solitario en busca de nuevos amigos o un grupo que quiera compartir momentos incre\u00edbles, Onefam es el lugar ideal. <\/p>\n\n<h2 class=\"wp-block-heading\">Experiencias inolvidables<\/h2>\n\n<p>Imagina esto: empiezas tu d\u00eda con un recorrido guiado a pie por las encantadoras calles de Barcelona, descubriendo joyas escondidas y los favoritos locales.<\/p>\n\n<p>Por la tarde, te unes a un grupo para jugar al voleibol en la playa, seguido de una impresionante caminata al atardecer. Cuando llega la noche, te re\u00fanes con tus nuevos amigos de Onefam para una deliciosa cena en familia, compartiendo historias y risas. <\/p>\n\n<p>\u00a1Y la noche no termina ah\u00ed! Onefam ofrece una variedad de eventos sociales, desde rutas de bares y m\u00fasica en vivo hasta fiestas tem\u00e1ticas y noches de juegos, asegurando que nunca haya un momento aburrido. <\/p>\n\n<h2 class=\"wp-block-heading\">\u00bfQu\u00e9 esperar durante una estancia con nosotros?<\/h2>\n\n<p>\u00danete a nuestras actividades diarias, como descubrir la ciudad con nuestros tours, jugar al v\u00f3ley en la playa o ver la puesta de sol en nuestras salidas en grupo. Rel\u00e1jate en nuestras acogedoras zonas comunes, si\u00e9ntate en nuestras famosas cenas familiares y termina la noche con una salida! <\/p>\n\n<h2 class=\"wp-block-heading\">Nuestro incre\u00edble equipo<\/h2>\n\n<p>Nuestro equipo dedicado es el coraz\u00f3n y alma de Onefam Hostels. Son apasionados por los viajes, est\u00e1n deseosos de compartir su conocimiento local y comprometidos a garantizar que tengas una estancia incre\u00edble. <\/p>\n\n<p>Desde el momento en que cruzas nuestras puertas, ser\u00e1s recibido con sonrisas c\u00e1lidas y un genuino deseo de ayudarte a aprovechar al m\u00e1ximo tu tiempo con nosotros.<\/p>\n\n<p>\u00bfNecesitas recomendaciones para los mejores restaurantes locales? \u00bfQuieres reservar una excursi\u00f3n de un d\u00eda para explorar los alrededores? Nuestro equipo siempre estar\u00e1 encantado de ayudarte.  <\/p>\n\n<h2 class=\"wp-block-heading\">Un hogar lejos de casa<\/h2>\n\n<p>En Onefam, ofrecemos una variedad de alojamientos c\u00f3modos y asequibles para adaptarnos a las necesidades de cada viajero. Elige entre habitaciones privadas para un retiro tranquilo, o opta por un dormitorio compartido para conectar con otros aventureros. <\/p>\n\n<p>Nuestras zonas comunes est\u00e1n dise\u00f1adas para la relajaci\u00f3n y la socializaci\u00f3n, con acogedoras salas de estar, cocinas totalmente equipadas y espacios sociales vibrantes donde puedes relajarte, intercambiar historias y hacer nuevas amistades.<\/p>\n\n<h2 class=\"wp-block-heading\">M\u00e1s que un simple Hostal<\/h2>\n\n<p>Onefam Hostels es m\u00e1s que un simple lugar donde alojarse; es una comunidad, un punto de partida para la exploraci\u00f3n y un lugar donde se crean recuerdos. Ofrecemos una gama de servicios y comodidades gratuitas para mejorar tu estancia, incluyendo: <\/p>\n\n<ul class=\"wp-block-list\">\n<li>Wi-Fi de alta velocidad para estar conectado<\/li>\n\n\n\n<li>Cocinas para hu\u00e9spedes donde podr\u00e1s preparar tus platos favoritos<\/li>\n\n\n\n<li>Instalaciones de lavander\u00eda para tener ropa limpia mientras te desplazas<\/li>\n\n\n\n<li>Mapas de la ciudad gratuitos e informaci\u00f3n sobre viajes<\/li>\n\n\n\n<li>Juegos de mesa y libros para una tarde relajante<\/li>\n\n\n\n<li>Recepci\u00f3n 24\/7 para tu comodidad<\/li>\n<\/ul>\n\n<p><\/p>\n\n<h2 class=\"wp-block-heading\">Ven por la aventura, qu\u00e9date por la FAM<\/h2>\n\n<p>Listo para unirte a Onefam? \u00a1Explora nuestros hostels en <a href=\"https:\/\/onefamhostels.com\/es\/hostels-barcelona\/\" data-type=\"page\" data-id=\"8006\">Barcelona<\/a>, <a href=\"https:\/\/onefamhostels.com\/es\/hostels-madrid\/\" data-type=\"page\" data-id=\"8107\">Madrid<\/a>, <a href=\"https:\/\/onefamhostels.com\/es\/hostels-sevilla\/\" data-type=\"page\" data-id=\"8188\">Seville<\/a>, <a href=\"https:\/\/onefamhostels.com\/es\/hostels-praga\/\" data-type=\"page\" data-id=\"8167\">Prague<\/a>, <a href=\"https:\/\/onefamhostels.com\/es\/hostels-porto\/\" data-type=\"page\" data-id=\"8136\">Porto<\/a>, <a href=\"https:\/\/onefamhostels.com\/es\/hostels-londres\/\" data-type=\"page\" data-id=\"8072\">London<\/a> y <a href=\"https:\/\/es.wikipedia.org\/wiki\/Budapest\" target=\"_blank\" data-type=\"link\" data-id=\"https:\/\/es.wikipedia.org\/wiki\/Budapest\" rel=\"noreferrer noopener\">Budapest<\/a> y m\u00e1s! <\/p>\n\n<p>Reserva tu estancia hoy y descubre la diferencia Onefam.<\/p>\n\n<p>\u00bfA qu\u00e9 ciudad ir\u00e1s la pr\u00f3xima vez?<\/p>\n\n<figure class=\"wp-block-image aligncenter size-full\"><img fetchpriority=\"high\" decoding=\"async\" width=\"2048\" height=\"2560\" src=\"https:\/\/onefamhostels.com\/wp-content\/uploads\/2023\/08\/community_vibes_image-scaled.webp\" alt=\"Vibras de comunidad | Acerca de Onefam\" class=\"wp-image-10389\" srcset=\"https:\/\/onefamhostels.com\/wp-content\/uploads\/2023\/08\/community_vibes_image-scaled.webp 2048w, https:\/\/onefamhostels.com\/wp-content\/uploads\/2023\/08\/community_vibes_image-256x320.webp 256w, https:\/\/onefamhostels.com\/wp-content\/uploads\/2023\/08\/community_vibes_image-819x1024.webp 819w, https:\/\/onefamhostels.com\/wp-content\/uploads\/2023\/08\/community_vibes_image-768x960.webp 768w, https:\/\/onefamhostels.com\/wp-content\/uploads\/2023\/08\/community_vibes_image-1229x1536.webp 1229w, https:\/\/onefamhostels.com\/wp-content\/uploads\/2023\/08\/community_vibes_image-1638x2048.webp 1638w\" sizes=\"(max-width: 2048px) 100vw, 2048px\" \/><figcaption class=\"wp-element-caption\">Vibras de comunidad | Acerca de Onefam<\/figcaption><\/figure>\n","protected":false},"excerpt":{"rendered":"<p>Acerca de Onefam Hostels | Bienvenido a la FAM | En Onefam Hostels nos enorgullece crear espacios vibrantes donde los viajeros se unen para celebrar la diversidad y conectar con culturas \u00fanicas, \u00a1mientras disfrutan de la mejor compa\u00f1\u00eda!<\/p>\n","protected":false},"author":7,"featured_media":11210,"parent":0,"menu_order":0,"comment_status":"closed","ping_status":"closed","template":"","meta":{"_acf_changed":false,"inline_featured_image":false,"footnotes":""},"hostel-type":[],"class_list":["post-12965","page","type-page","status-publish","has-post-thumbnail","hentry"],"acf":[],"_links":{"self":[{"href":"https:\/\/onefamhostels.com\/es\/wp-json\/wp\/v2\/pages\/12965","targetHints":{"allow":["GET"]}}],"collection":[{"href":"https:\/\/onefamhostels.com\/es\/wp-json\/wp\/v2\/pages"}],"about":[{"href":"https:\/\/onefamhostels.com\/es\/wp-json\/wp\/v2\/types\/page"}],"author":[{"embeddable":true,"href":"https:\/\/onefamhostels.com\/es\/wp-json\/wp\/v2\/users\/7"}],"replies":[{"embeddable":true,"href":"https:\/\/onefamhostels.com\/es\/wp-json\/wp\/v2\/comments?post=12965"}],"version-history":[{"count":8,"href":"https:\/\/onefamhostels.com\/es\/wp-json\/wp\/v2\/pages\/12965\/revisions"}],"predecessor-version":[{"id":14901,"href":"https:\/\/onefamhostels.com\/es\/wp-json\/wp\/v2\/pages\/12965\/revisions\/14901"}],"wp:featuredmedia":[{"embeddable":true,"href":"https:\/\/onefamhostels.com\/es\/wp-json\/wp\/v2\/media\/11210"}],"wp:attachment":[{"href":"https:\/\/onefamhostels.com\/es\/wp-json\/wp\/v2\/media?parent=12965"}],"wp:term":[{"taxonomy":"hostel-type","embeddable":true,"href":"https:\/\/onefamhostels.com\/es\/wp-json\/wp\/v2\/hostel-type?post=12965"}],"curies":[{"name":"wp","href":"https:\/\/api.w.org\/{rel}","templated":true}]}}