{"id":13588,"date":"2024-06-24T22:12:49","date_gmt":"2024-06-24T22:12:49","guid":{"rendered":"https:\/\/onefamhostels.com\/hostels-oporto\/"},"modified":"2025-10-02T10:36:03","modified_gmt":"2025-10-02T10:36:03","slug":"hostels-porto","status":"publish","type":"page","link":"https:\/\/onefamhostels.com\/es\/hostels-porto\/","title":{"rendered":"Hostels en Porto"},"content":{"rendered":"\n<h2 class=\"wp-block-heading\">Hostels en Porto<\/h2>\n\n<p>\u00bfBuscas una estancia inolvidable en la encantadora ciudad portuguesa de Porto sin arruinarte? \u00a1No busques m\u00e1s! Porto cuenta con una fant\u00e1stica variedad de hostels que combinan comodidad, estilo y precios asequibles, perfectos para viajeros aventureros como t\u00fa.  <\/p>\n\n<p>Imagina despertarte en el coraz\u00f3n de esta ciudad hist\u00f3rica, rodeado de una arquitectura impresionante, comida deliciosa y los sonidos de la m\u00fasica fado, todo ello mientras te alojas en un hostel que se siente como un hogar lejos de casa. \u00a1Esa es la magia de los hostels en Porto! <\/p>\n\n<h2 class=\"wp-block-heading\">\u00bfPor qu\u00e9 elegir hostels en Porto?<\/h2>\n\n<p>Los hostels en Porto ofrecen mucho m\u00e1s que una cama; te sumergen por completo en la vida local. Desde ubicaciones estrat\u00e9gicas cerca del barrio de la Ribeira hasta incre\u00edbles terrazas con vistas impresionantes al <a href=\"https:\/\/es.wikipedia.org\/wiki\/Duero\" data-type=\"link\" data-id=\"https:\/\/es.wikipedia.org\/wiki\/Duero\" target=\"_blank\" rel=\"noopener\">r\u00edo Duero<\/a>, cada hostel tiene una historia \u00fanica que enriquecer\u00e1 tu aventura en Porto. <\/p>\n\n<figure class=\"wp-block-image aligncenter size-full\"><img fetchpriority=\"high\" decoding=\"async\" width=\"1920\" height=\"2400\" src=\"https:\/\/onefamhostels.com\/wp-content\/uploads\/2024\/12\/best-porto-hostels.jpg\" alt=\"Mejores Hostels en Porto\" class=\"wp-image-10180\" srcset=\"https:\/\/onefamhostels.com\/wp-content\/uploads\/2024\/12\/best-porto-hostels.jpg 1920w, https:\/\/onefamhostels.com\/wp-content\/uploads\/2024\/12\/best-porto-hostels-256x320.jpg 256w, https:\/\/onefamhostels.com\/wp-content\/uploads\/2024\/12\/best-porto-hostels-819x1024.jpg 819w, https:\/\/onefamhostels.com\/wp-content\/uploads\/2024\/12\/best-porto-hostels-768x960.jpg 768w, https:\/\/onefamhostels.com\/wp-content\/uploads\/2024\/12\/best-porto-hostels-1229x1536.jpg 1229w, https:\/\/onefamhostels.com\/wp-content\/uploads\/2024\/12\/best-porto-hostels-1638x2048.jpg 1638w\" sizes=\"(max-width: 1920px) 100vw, 1920px\" \/><figcaption class=\"wp-element-caption\">Mejores Hostels en Porto<\/figcaption><\/figure>\n\n<p>Te espera la combinaci\u00f3n perfecta de asequibilidad, ambiente acogedor y ubicaciones privilegiadas. Tanto si eres un mochilero en solitario, un grupo de amigos o un viajero que busca conectar con gente de todo el mundo, estos hostels en Porto est\u00e1n dise\u00f1ados para satisfacer todas tus necesidades. <\/p>\n\n<p>Prep\u00e1rate para experimentar Porto de una manera aut\u00e9ntica, conocer gente incre\u00edble y crear recuerdos que durar\u00e1n toda la vida, todo ello sin salirse del presupuesto de viaje.<\/p>\n\n<h2 class=\"wp-block-heading\">Descubre nuestros hostels en Porto<\/h2>\n\n<p>Experimenta Porto como un local con nuestra incre\u00edble selecci\u00f3n de hostels. Ubicados justo en el coraz\u00f3n de la acci\u00f3n, nuestros alojamientos son el punto de partida perfecto para tus exploraciones. <\/p>\n\n<p>Tanto si viajas solo, en grupo de amigos o en familia en busca de aventuras, nuestros hostels de Porto se adaptan a todos.<\/p>\n\n<h2 class=\"wp-block-heading\">Explora las atracciones imprescindibles de Porto<\/h2>\n\n<p>Desde el emblem\u00e1tico puente Don Luis I hasta el bullicioso barrio de Ribeira, Porto tiene un mont\u00f3n de atracciones para todos los gustos.<\/p>\n\n<p>Pasea por el r\u00edo Duero, pi\u00e9rdete por las encantadoras calles del centro hist\u00f3rico o disfruta de un espect\u00e1culo de fado en una taberna tradicional, todo ello f\u00e1cilmente accesible desde nuestros hostels en Porto.<\/p>\n\n<figure class=\"wp-block-image aligncenter size-full\"><img decoding=\"async\" width=\"2560\" height=\"1707\" src=\"https:\/\/onefamhostels.com\/wp-content\/uploads\/2023\/12\/porto1-scaled.jpg\" alt=\"Mejor youth hostel en Porto para un viajero en solitario. Puente de Porto. \" class=\"wp-image-4699\" srcset=\"https:\/\/onefamhostels.com\/wp-content\/uploads\/2023\/12\/porto1-scaled.jpg 2560w, https:\/\/onefamhostels.com\/wp-content\/uploads\/2023\/12\/porto1-320x213.jpg 320w, https:\/\/onefamhostels.com\/wp-content\/uploads\/2023\/12\/porto1-1024x683.jpg 1024w, https:\/\/onefamhostels.com\/wp-content\/uploads\/2023\/12\/porto1-768x512.jpg 768w, https:\/\/onefamhostels.com\/wp-content\/uploads\/2023\/12\/porto1-1536x1024.jpg 1536w, https:\/\/onefamhostels.com\/wp-content\/uploads\/2023\/12\/porto1-2048x1365.jpg 2048w\" sizes=\"(max-width: 2560px) 100vw, 2560px\" \/><figcaption class=\"wp-element-caption\">Mejor youth hostel en Porto para un viajero en solitario. Puente de Porto. <\/figcaption><\/figure>\n\n<h2 class=\"wp-block-heading\">La experiencia de los Hostels Onefam<\/h2>\n\n<p>No se trata solo de ofrecerte un lugar donde quedarte. Nuestros hostels en Porto est\u00e1n dise\u00f1ados para crear un sentido de comunidad entre los viajeros de todo el mundo. Conecta con otros exploradores, comparte historias y crea recuerdos que durar\u00e1n toda la vida.  <\/p>\n\n<h2 class=\"wp-block-heading\">Onefam Hostel Ribeira Porto<\/h2>\n\n<p>\u00bfBuscas el hostel perfecto en Porto para tu pr\u00f3xima aventura? \u00a1<a href=\"https:\/\/onefamhostels.com\/es\/ribeira-onefam-hostel-porto\/\" data-type=\"page\" data-id=\"1944\">Onefam Ribeira Hostel Porto<\/a> es el lugar ideal! <\/p>\n\n<p>Situado en el coraz\u00f3n del distrito de Ribeira, nuestro hostel te ofrece un acceso inmejorable a las principales atracciones tur\u00edsticas de Porto, como el puente Dom Lu\u00eds I, el paseo mar\u00edtimo de Ribeira y la iglesia de San Francisco.<\/p>\n\n<figure class=\"wp-block-image aligncenter size-full\"><img decoding=\"async\" width=\"2560\" height=\"1707\" src=\"https:\/\/onefamhostels.com\/wp-content\/uploads\/2024\/02\/03group-travelers-terrace-ribeira-onefam-porto-hostels-scaled.jpeg\" alt=\"Onefam Hostel Ribeira Porto\" class=\"wp-image-5697\" srcset=\"https:\/\/onefamhostels.com\/wp-content\/uploads\/2024\/02\/03group-travelers-terrace-ribeira-onefam-porto-hostels-scaled.jpeg 2560w, https:\/\/onefamhostels.com\/wp-content\/uploads\/2024\/02\/03group-travelers-terrace-ribeira-onefam-porto-hostels-320x213.jpeg 320w, https:\/\/onefamhostels.com\/wp-content\/uploads\/2024\/02\/03group-travelers-terrace-ribeira-onefam-porto-hostels-1024x683.jpeg 1024w, https:\/\/onefamhostels.com\/wp-content\/uploads\/2024\/02\/03group-travelers-terrace-ribeira-onefam-porto-hostels-768x512.jpeg 768w, https:\/\/onefamhostels.com\/wp-content\/uploads\/2024\/02\/03group-travelers-terrace-ribeira-onefam-porto-hostels-1536x1024.jpeg 1536w, https:\/\/onefamhostels.com\/wp-content\/uploads\/2024\/02\/03group-travelers-terrace-ribeira-onefam-porto-hostels-2048x1365.jpeg 2048w\" sizes=\"(max-width: 2560px) 100vw, 2560px\" \/><figcaption class=\"wp-element-caption\">Onefam Hostel Ribeira Porto<\/figcaption><\/figure>\n\n<p>PSum\u00e9rgete en el animado ambiente de Porto mientras disfrutas de nuestras c\u00f3modas habitaciones, conexi\u00f3n Wi-Fi de alta velocidad gratuita, una cocina compartida totalmente equipada y un sal\u00f3n com\u00fan perfecto para pasar el rato con otros viajeros. Nuestro amable personal estar\u00e1 encantado de ayudarte a planificar tus actividades y descubrir lo mejor de Porto. <\/p>\n\n<h2 class=\"wp-block-heading\">Otros incre\u00edbles hostels en Porto:<\/h2>\n\n<ul class=\"wp-block-list\">\n<li><strong>The Passenger Hostel:<\/strong> Este elegante hostel ofrece una terraza en la azotea con impresionantes vistas, un ambiente social y actividades organizadas.<\/li>\n\n\n\n<li><strong>\u00a1S\u00ed! Porto Hostel:<\/strong> Este hostel de fiesta es perfecto para viajeros en solitario que quieran conocer gente nueva y disfrutar de la vida nocturna de Porto.<\/li>\n\n\n\n<li><strong>Gallery Hostel:<\/strong> Este moderno hostel goza de una c\u00e9ntrica ubicaci\u00f3n, c\u00f3modos dormitorios y habitaciones privadas, y un amable personal.<\/li>\n\n\n\n<li><strong>Tattva Design Hostel:<\/strong> Este hostel ecol\u00f3gico es perfecto para los viajeros que quieren minimizar su impacto en el medio ambiente.<\/li>\n<\/ul>\n\n<h2 class=\"wp-block-heading\">Preguntas frecuentes sobre los hostels en Porto<\/h2>\n<div id=\"rank-math-faq\" class=\"rank-math-block\">\n<div class=\"rank-math-list \">\n<div id=\"faq-question-1734279587988\" class=\"rank-math-list-item\">\n<h3 class=\"rank-math-question \"><strong>\u00bfCu\u00e1nto cuesta hospedarse en un hostel en Porto?<\/strong><\/h3>\n<div class=\"rank-math-answer \">\n\n<p>El precio de los hostels en Porto var\u00eda seg\u00fan la ubicaci\u00f3n, la temporada y el tipo de habitaci\u00f3n. En general, puedes encontrar camas en dormitorios compartidos desde 15\u20ac por noche, y habitaciones privadas desde 50\u20ac por noche. <\/p>\n\n<\/div>\n<\/div>\n<div id=\"faq-question-1734279598595\" class=\"rank-math-list-item\">\n<h3 class=\"rank-math-question \"><strong>\u00bfCu\u00e1l es la mejor zona para alojarse en un hostel en Porto?<\/strong><\/h3>\n<div class=\"rank-math-answer \">\n\n<p>El distrito de Ribeira es una excelente opci\u00f3n si quieres estar cerca de la acci\u00f3n y de las principales atracciones tur\u00edsticas. Vila Nova de Gaia es una buena elecci\u00f3n si est\u00e1s interesado en las bodegas de vino de Porto. <\/p>\n\n<\/div>\n<\/div>\n<div id=\"faq-question-1734279608450\" class=\"rank-math-list-item\">\n<h3 class=\"rank-math-question \"><strong>\u00bfLos hostels en Porto ofrecen desayuno?<\/strong><\/h3>\n<div class=\"rank-math-answer \">\n\n<p>Muchos hostels en Porto ofrecen desayuno incluido en el precio, ya sea estilo continental o buffet. Algunos tambi\u00e9n tienen cocinas compartidas donde puedes preparar tus propias comidas. <\/p>\n\n<\/div>\n<\/div>\n<div id=\"faq-question-1734279620539\" class=\"rank-math-list-item\">\n<h3 class=\"rank-math-question \"><strong>\u00bfHay hostels en Porto con habitaciones privadas?<\/strong><\/h3>\n<div class=\"rank-math-answer \">\n\n<p>S\u00ed, la mayor\u00eda de los hostels en Porto ofrecen habitaciones privadas adem\u00e1s de los dormitorios compartidos. Estas habitaciones suelen tener ba\u00f1o privado y son perfectas para parejas o viajeros que busquen m\u00e1s privacidad. <\/p>\n\n<\/div>\n<\/div>\n<div id=\"faq-question-1734279628713\" class=\"rank-math-list-item\">\n<h3 class=\"rank-math-question \"><strong>\u00bfLos hostels en Porto tienen Wi-Fi gratuito?<\/strong><\/h3>\n<div class=\"rank-math-answer \">\n\n<p>S\u00ed, casi todos los hostels en Porto ofrecen Wi-Fi gratuito en todas sus instalaciones.<\/p>\n\n<\/div>\n<\/div>\n<div id=\"faq-question-1734279635427\" class=\"rank-math-list-item\">\n<h3 class=\"rank-math-question \"><strong>\u00bfHay hostels en Porto que organicen actividades?<\/strong><\/h3>\n<div class=\"rank-math-answer \">\n\n<p>S\u00ed, muchos hostels en Porto organizan actividades para sus hu\u00e9spedes, como <a href=\"https:\/\/onefamhostels.com\/es\/free-walking-tours-porto-explora-ciudad\/\" data-type=\"post\" data-id=\"10329\">visitas guiadas<\/a>, rutas de bares y espect\u00e1culos de fado.<\/p>\n\n<\/div>\n<\/div>\n<div id=\"faq-question-1734279646630\" class=\"rank-math-list-item\">\n<h3 class=\"rank-math-question \"><strong>\u00bfLos hostels en Porto tienen l\u00edmite de edad?<\/strong><\/h3>\n<div class=\"rank-math-answer \">\n\n<p>Algunos hostels en Porto pueden tener l\u00edmite de edad, pero la mayor\u00eda da la bienvenida a hu\u00e9spedes de todas las edades.<\/p>\n\n<\/div>\n<\/div>\n<div id=\"faq-question-1734279659455\" class=\"rank-math-list-item\">\n<h3 class=\"rank-math-question \"><strong>\u00bfPuedo dejar mi equipaje en el hostel despu\u00e9s de la salida?<\/strong><\/h3>\n<div class=\"rank-math-answer \">\n\n<p>S\u00ed, la mayor\u00eda de los hostels en Porto ofrecen almacenamiento de equipaje, ya sea de forma gratuita o por una peque\u00f1a tarifa.<\/p>\n\n<\/div>\n<\/div>\n<div id=\"faq-question-1734279667055\" class=\"rank-math-list-item\">\n<h3 class=\"rank-math-question \"><strong>Is it safe to stay in a hostel in Porto?<\/strong><\/h3>\n<div class=\"rank-math-answer \">\n\n<p>S\u00ed, los hostels en Porto son generalmente seguros. La mayor\u00eda cuentan con medidas de seguridad, como taquillas, c\u00e1maras de seguridad y recepci\u00f3n 24 horas. <\/p>\n\n<\/div>\n<\/div>\n<div id=\"faq-question-1734279672418\" class=\"rank-math-list-item\">\n<h3 class=\"rank-math-question \"><strong>\u00bfC\u00f3mo puedo reservar un hostel en Porto?<\/strong><\/h3>\n<div class=\"rank-math-answer \">\n\n<p>Puedes reservar un hostel en Porto a trav\u00e9s de plataformas en l\u00ednea como Hostelworld, Booking.com o directamente en el sitio web del hostel.<\/p>\n\n<\/div>\n<\/div>\n<\/div>\n<\/div>\n<h4 class=\"wp-block-heading\">\u00bfListo para explorar Porto? \u00a1Reserva tu estancia en uno de nuestros incre\u00edbles hostels en Porto hoy mismo! <\/h4>\n\n<p><\/p>\n\n<p><\/p>\n","protected":false},"excerpt":{"rendered":"<p>\u00bfEst\u00e1s listo para una aventura inolvidable en Porto? \u00a1No busques m\u00e1s! Los hostels en Porto ofrecen la combinaci\u00f3n perfecta de comodidad, precios asequibles y un ambiente social vibrante para j\u00f3venes viajeros como t\u00fa.  <\/p>\n","protected":false},"author":3,"featured_media":11039,"parent":0,"menu_order":0,"comment_status":"closed","ping_status":"closed","template":"","meta":{"_acf_changed":false,"inline_featured_image":false,"footnotes":""},"hostel-type":[],"class_list":["post-13588","page","type-page","status-publish","has-post-thumbnail","hentry"],"acf":[],"_links":{"self":[{"href":"https:\/\/onefamhostels.com\/es\/wp-json\/wp\/v2\/pages\/13588","targetHints":{"allow":["GET"]}}],"collection":[{"href":"https:\/\/onefamhostels.com\/es\/wp-json\/wp\/v2\/pages"}],"about":[{"href":"https:\/\/onefamhostels.com\/es\/wp-json\/wp\/v2\/types\/page"}],"author":[{"embeddable":true,"href":"https:\/\/onefamhostels.com\/es\/wp-json\/wp\/v2\/users\/3"}],"replies":[{"embeddable":true,"href":"https:\/\/onefamhostels.com\/es\/wp-json\/wp\/v2\/comments?post=13588"}],"version-history":[{"count":15,"href":"https:\/\/onefamhostels.com\/es\/wp-json\/wp\/v2\/pages\/13588\/revisions"}],"predecessor-version":[{"id":16732,"href":"https:\/\/onefamhostels.com\/es\/wp-json\/wp\/v2\/pages\/13588\/revisions\/16732"}],"wp:featuredmedia":[{"embeddable":true,"href":"https:\/\/onefamhostels.com\/es\/wp-json\/wp\/v2\/media\/11039"}],"wp:attachment":[{"href":"https:\/\/onefamhostels.com\/es\/wp-json\/wp\/v2\/media?parent=13588"}],"wp:term":[{"taxonomy":"hostel-type","embeddable":true,"href":"https:\/\/onefamhostels.com\/es\/wp-json\/wp\/v2\/hostel-type?post=13588"}],"curies":[{"name":"wp","href":"https:\/\/api.w.org\/{rel}","templated":true}]}}