{"id":13592,"date":"2024-06-25T08:28:24","date_gmt":"2024-06-25T08:28:24","guid":{"rendered":"https:\/\/onefamhostels.com\/hostels-praga\/"},"modified":"2026-03-06T12:34:49","modified_gmt":"2026-03-06T12:34:49","slug":"hostels-praga","status":"publish","type":"page","link":"https:\/\/onefamhostels.com\/es\/hostels-praga\/","title":{"rendered":"Hostels en Praga"},"content":{"rendered":"\n<h2 class=\"wp-block-heading\">Hostels Praga<\/h2>\n\n<p>\u00bfSue\u00f1as con torres, calles adoquinadas y un ambiente de cuento de hadas? Entonces, \u00a1Praga te llama! Esta ciudad encantadora, repleta de historia y cultura, ofrece una experiencia cautivadora para todo tipo de viajeros. Con una amplia variedad de hostels en Praga para elegir, encontrar\u00e1s la base perfecta para tu aventura bohemia.   <\/p>\n\n<h2 class=\"wp-block-heading\">Sum\u00e9rgete en los tesoros culturales de Praga<\/h2>\n\n<p>La escena cultural de Praga es tan rica y variada como su arquitectura. Disfruta de la m\u00fasica cl\u00e1sica en la reconocida \u00d3pera Estatal de Praga. <\/p>\n\n<p>Explora el Barrio Jud\u00edo, con sus hist\u00f3ricas sinagogas y conmovedores recordatorios del pasado de la ciudad. Si prefieres el arte contempor\u00e1neo, visita el Centro DOX o recorre las galer\u00edas alternativas del moderno <a href=\"https:\/\/en.wikipedia.org\/wiki\/%C5%BDi%C5%BEkov\" target=\"_blank\" data-type=\"link\" data-id=\"https:\/\/en.wikipedia.org\/wiki\/%C5%BDi%C5%BEkov\" rel=\"noreferrer noopener\">distrito de \u017di\u017ekov.<\/a> <\/p>\n\n<h2 class=\"wp-block-heading\">Vive el esp\u00edritu vibrante de Praga<\/h2>\n\n<p>\u00a1Praga sabe c\u00f3mo pasarlo bien! La ciudad cuenta con una animada vida nocturna que va desde pubs tradicionales y acogedores jardines cerveceros hasta bares modernos y discotecas llenas de energ\u00eda.  <\/p>\n\n<p>Prueba las cervezas locales, disfruta de m\u00fasica en vivo o simplemente sum\u00e9rgete en el ambiente de una de las muchas plazas de Praga. Y no olvides degustar la cocina tradicional checa: platos contundentes como el gulash y los knedl\u00edky te dejar\u00e1n satisfecho. <\/p>\n\n<h2 class=\"wp-block-heading\">Onefam Praga: Tu hogar lejos de casa<\/h2>\n\n<p>Tanto si buscas un lugar social como un refugio tranquilo, los hostels en Praga tienen opciones para todos los gustos y presupuestos. Aqu\u00ed tienes algunas recomendaciones: <\/p>\n\n<h3 class=\"wp-block-heading\">Onefam M\u00edru<\/h3>\n\n<p>Ubicado en el animado distrito de Vinohrady, <a href=\"https:\/\/onefamhostels.com\/es\/miru-onefam-hostel-praga\/\" data-type=\"page\" data-id=\"1903\">este hostel <\/a>ofrece un ambiente relajado y social. Es conocido por sus amplias zonas comunes, su personal amable y sus deliciosas cenas caseras. Ideal para quienes desean descubrir el lado m\u00e1s local de Praga.  <\/p>\n\n<figure class=\"wp-block-image aligncenter size-large\"><img fetchpriority=\"high\" decoding=\"async\" width=\"1024\" height=\"683\" src=\"https:\/\/onefamhostels.com\/wp-content\/uploads\/2024\/04\/group-travelers-commonarea-miru-onefam-prague-hostels-1024x683.webp\" alt=\"Hostels Praga\" class=\"wp-image-6385\" srcset=\"https:\/\/onefamhostels.com\/wp-content\/uploads\/2024\/04\/group-travelers-commonarea-miru-onefam-prague-hostels-1024x683.webp 1024w, https:\/\/onefamhostels.com\/wp-content\/uploads\/2024\/04\/group-travelers-commonarea-miru-onefam-prague-hostels-320x213.webp 320w, https:\/\/onefamhostels.com\/wp-content\/uploads\/2024\/04\/group-travelers-commonarea-miru-onefam-prague-hostels-768x512.webp 768w, https:\/\/onefamhostels.com\/wp-content\/uploads\/2024\/04\/group-travelers-commonarea-miru-onefam-prague-hostels-1536x1024.webp 1536w, https:\/\/onefamhostels.com\/wp-content\/uploads\/2024\/04\/group-travelers-commonarea-miru-onefam-prague-hostels-2048x1365.webp 2048w\" sizes=\"(max-width: 1024px) 100vw, 1024px\" \/><figcaption class=\"wp-element-caption\">Hostels Praga<\/figcaption><\/figure>\n\n<h3 class=\"wp-block-heading\">Onefam Old Town<\/h3>\n\n<p>En pleno coraz\u00f3n del casco hist\u00f3rico, <a href=\"https:\/\/onefamhostels.com\/old-town-onefam-hostels-prague\/\" data-type=\"page\" data-id=\"1926\">este hostel <\/a>es perfecto para quienes visitan Praga por primera vez y quieren estar cerca de las principales atracciones. Su animada vida social incluye eventos como rutas de bares y noches de juegos.  <\/p>\n\n<h3 class=\"wp-block-heading\">Onefam Arbes.<\/h3>\n\n<p>Situado en el encantador distrito de Sm\u00edchov, <a href=\"https:\/\/onefamhostels.com\/es\/onefam-arbes-hostel-praga\/\" data-type=\"page\" data-id=\"9017\">este hostel <\/a>ofrece un escape tranquilo del bullicio del centro. Destaca por su dise\u00f1o moderno, su amplia terraza y su atm\u00f3sfera relajada. <\/p>\n\n<h3 class=\"wp-block-heading\">Onefam Home.<\/h3>\n\n<p>En el distrito de \u017di\u017ekov, <a href=\"https:\/\/onefamhostels.com\/es\/home-onefam-hostel-praga\/\" data-type=\"page\" data-id=\"1874\">este hostel <\/a>acogedor se caracteriza por su personal atento, c\u00f3modas zonas comunes y una excelente relaci\u00f3n calidad-precio. <\/p>\n\n<h3 class=\"wp-block-heading\">The MadHouse Prague.<\/h3>\n\n<p>Si buscas un hostel de fiesta, este es el lugar. Con su propio bar y discoteca, es una opci\u00f3n popular para quienes quieren conocer a otros viajeros y disfrutar de la vida nocturna de Praga. <\/p>\n\n<h3 class=\"wp-block-heading\">Hostel One Prague.<\/h3>\n\n<p>Este elegante hostal cuenta con un dise\u00f1o moderno, una terraza en la azotea con impresionantes vistas de la ciudad y un ambiente relajado.<\/p>\n\n<h2 class=\"wp-block-heading\">Consejos para elegir hostels en Praga<\/h2>\n\n<ul class=\"wp-block-list\">\n<li><strong>Ubicaci\u00f3n<\/strong>: Decide en qu\u00e9 barrio quieres alojarte. El Casco Antiguo es ideal para hacer turismo, mientras que \u00e1reas como \u017di\u017ekov y Vinohrady ofrecen una experiencia m\u00e1s local. <\/li>\n\n\n\n<li><strong>Presupuesto:<\/strong> Los <a href=\"https:\/\/onefamhostels.com\/es\/los-10-mejores-hostels-economicos-de-praga\/\" data-type=\"post\" data-id=\"9435\">Hostels en Praga<\/a> van desde los m\u00e1s econ\u00f3micos hasta los m\u00e1s lujosos. Establece tu presupuesto antes de empezar a buscar. <\/li>\n\n\n\n<li><strong>Ambiente social: <\/strong>Si deseas conocer a otros viajeros, elige un hostel con zonas comunes y eventos organizados.<\/li>\n\n\n\n<li><strong>Servicios<\/strong>: Algunos hostels en Praga incluyen extras como desayuno gratuito, visitas guiadas y lavander\u00eda.<\/li>\n<\/ul>\n<div id=\"rank-math-faq\" class=\"rank-math-block\">\n<div class=\"rank-math-list \">\n<div id=\"faq-question-1734274570149\" class=\"rank-math-list-item\">\n<h3 class=\"rank-math-question \">\u00bfSon caros los hostales en Praga?<\/h3>\n<div class=\"rank-math-answer \">\n\n<p>En general, los hostels en Praga son asequibles, y los precios var\u00edan seg\u00fan la temporada y la ubicaci\u00f3n.<\/p>\n\n<\/div>\n<\/div>\n<div id=\"faq-question-1734274575593\" class=\"rank-math-list-item\">\n<h3 class=\"rank-math-question \">\u00bfCu\u00e1l es la mejor forma de moverse por Praga?<\/h3>\n<div class=\"rank-math-answer \">\n\n<p>Praga cuenta con un excelente sistema de transporte p\u00fablico que incluye tranv\u00edas, autobuses y metro. Tambi\u00e9n puedes explorar el centro hist\u00f3rico a pie. <\/p>\n\n<\/div>\n<\/div>\n<div id=\"faq-question-1734274592856\" class=\"rank-math-list-item\">\n<h3 class=\"rank-math-question \">\u00bfQu\u00e9 no me puedo perder en Praga?<\/h3>\n<div class=\"rank-math-answer \">\n\n<p>El Castillo de Praga, el Puente de Carlos, la Plaza de la Ciudad Vieja y el Barrio Jud\u00edo son algunos de los lugares imprescindibles.<\/p>\n\n<\/div>\n<\/div>\n<div id=\"faq-question-1734274602564\" class=\"rank-math-list-item\">\n<h3 class=\"rank-math-question \">\u00bfOfrecen habitaciones privadas los hostels en Praga?<\/h3>\n<div class=\"rank-math-answer \">\n\n<p>S\u00ed, muchos hostels en Praga disponen de habitaciones privadas adem\u00e1s de dormitorios compartidos.<\/p>\n\n<\/div>\n<\/div>\n<div id=\"faq-question-1734274611943\" class=\"rank-math-list-item\">\n<h3 class=\"rank-math-question \">\u00bfPuedo reservar hostels en Praga online?<\/h3>\n<div class=\"rank-math-answer \">\n\n<p>Por supuesto. Reservar por Internet es la forma m\u00e1s f\u00e1cil de asegurar tu estancia. <\/p>\n\n<\/div>\n<\/div>\n<div id=\"faq-question-1734274623899\" class=\"rank-math-list-item\">\n<h3 class=\"rank-math-question \">\u00bfTienen restricciones de edad los hostels en Praga?<\/h3>\n<div class=\"rank-math-answer \">\n\n<p>Algunos hostels pueden tener restricciones de edad, especialmente en dormitorios compartidos. Consulta las pol\u00edticas antes de reservar. <\/p>\n\n<\/div>\n<\/div>\n<div id=\"faq-question-1734274633464\" class=\"rank-math-list-item\">\n<h3 class=\"rank-math-question \">\u00bfEs seguro alojarse en un hostel en Praga?<\/h3>\n<div class=\"rank-math-answer \">\n\n<p>S\u00ed, los hostels en Praga suelen ser seguros y cuentan con medidas como taquillas y acceso con tarjeta. Opta por hostels con buenas rese\u00f1as y ubicaciones seguras. <\/p>\n\n<\/div>\n<\/div>\n<div id=\"faq-question-1734274642428\" class=\"rank-math-list-item\">\n<h3 class=\"rank-math-question \">\u00bfQu\u00e9 debo llevar para mi estancia en un hostel en Praga?<\/h3>\n<div class=\"rank-math-answer \">\n\n<p>\u00a1Haz una maleta ligera! Lo esencial incluye ropa c\u00f3moda, calzado para caminar, un adaptador de viaje y una botella de agua reutilizable. <\/p>\n\n<\/div>\n<\/div>\n<div id=\"faq-question-1734274665673\" class=\"rank-math-list-item\">\n<h3 class=\"rank-math-question \">\u00bfPuedo guardar mi equipaje en el hostel?<\/h3>\n<div class=\"rank-math-answer \">\n\n<p>La mayor\u00eda de los hostels ofrecen consigna de equipaje, gratuita o por un peque\u00f1o coste.<\/p>\n\n<\/div>\n<\/div>\n<div id=\"faq-question-1734274671833\" class=\"rank-math-list-item\">\n<h3 class=\"rank-math-question \">\u00bfTienen toque de queda los hostels en Praga?<\/h3>\n<div class=\"rank-math-answer \">\n\n<p>La mayor\u00eda no tienen toque de queda, aunque algunos pueden tener horarios de silencio.<\/p>\n\n<\/div>\n<\/div>\n<\/div>\n<\/div>\n<figure class=\"wp-block-image aligncenter size-full\"><img decoding=\"async\" width=\"2400\" height=\"1600\" src=\"https:\/\/onefamhostels.com\/wp-content\/uploads\/2023\/09\/10group-travelers-sharedroom-oldtown-onefam-prague-hostels-jpg.webp\" alt=\"Grupo de viajeros en una habitaci&#xF3;n compartida en Onefam Old Town Hostels en Praga.&lt;br&gt; &lt;br&gt;\" class=\"wp-image-4114\" srcset=\"https:\/\/onefamhostels.com\/wp-content\/uploads\/2023\/09\/10group-travelers-sharedroom-oldtown-onefam-prague-hostels-jpg.webp 2400w, https:\/\/onefamhostels.com\/wp-content\/uploads\/2023\/09\/10group-travelers-sharedroom-oldtown-onefam-prague-hostels-300x200.webp 300w, https:\/\/onefamhostels.com\/wp-content\/uploads\/2023\/09\/10group-travelers-sharedroom-oldtown-onefam-prague-hostels-1024x683.webp 1024w, https:\/\/onefamhostels.com\/wp-content\/uploads\/2023\/09\/10group-travelers-sharedroom-oldtown-onefam-prague-hostels-768x512.webp 768w, https:\/\/onefamhostels.com\/wp-content\/uploads\/2023\/09\/10group-travelers-sharedroom-oldtown-onefam-prague-hostels-1536x1024.webp 1536w, https:\/\/onefamhostels.com\/wp-content\/uploads\/2023\/09\/10group-travelers-sharedroom-oldtown-onefam-prague-hostels-2048x1365.webp 2048w\" sizes=\"(max-width: 2400px) 100vw, 2400px\" \/><figcaption class=\"wp-element-caption\">Grupo de viajeros en una habitaci\u00f3n compartida en Onefam Old Town Hostels en Praga.<br\/> <br\/><\/figcaption><\/figure>\n","protected":false},"excerpt":{"rendered":"<p>\u00bfListo para explorar la m\u00e1gica ciudad de Praga? \u00a1No busques m\u00e1s! Te contamos todo sobre los hostales m\u00e1s cool de Praga que har\u00e1n que tu viaje sea inolvidable.<\/p>\n","protected":false},"author":3,"featured_media":11849,"parent":0,"menu_order":0,"comment_status":"closed","ping_status":"closed","template":"","meta":{"_acf_changed":false,"inline_featured_image":false,"footnotes":""},"hostel-type":[],"class_list":["post-13592","page","type-page","status-publish","has-post-thumbnail","hentry"],"acf":[],"_links":{"self":[{"href":"https:\/\/onefamhostels.com\/es\/wp-json\/wp\/v2\/pages\/13592","targetHints":{"allow":["GET"]}}],"collection":[{"href":"https:\/\/onefamhostels.com\/es\/wp-json\/wp\/v2\/pages"}],"about":[{"href":"https:\/\/onefamhostels.com\/es\/wp-json\/wp\/v2\/types\/page"}],"author":[{"embeddable":true,"href":"https:\/\/onefamhostels.com\/es\/wp-json\/wp\/v2\/users\/3"}],"replies":[{"embeddable":true,"href":"https:\/\/onefamhostels.com\/es\/wp-json\/wp\/v2\/comments?post=13592"}],"version-history":[{"count":7,"href":"https:\/\/onefamhostels.com\/es\/wp-json\/wp\/v2\/pages\/13592\/revisions"}],"predecessor-version":[{"id":17929,"href":"https:\/\/onefamhostels.com\/es\/wp-json\/wp\/v2\/pages\/13592\/revisions\/17929"}],"wp:featuredmedia":[{"embeddable":true,"href":"https:\/\/onefamhostels.com\/es\/wp-json\/wp\/v2\/media\/11849"}],"wp:attachment":[{"href":"https:\/\/onefamhostels.com\/es\/wp-json\/wp\/v2\/media?parent=13592"}],"wp:term":[{"taxonomy":"hostel-type","embeddable":true,"href":"https:\/\/onefamhostels.com\/es\/wp-json\/wp\/v2\/hostel-type?post=13592"}],"curies":[{"name":"wp","href":"https:\/\/api.w.org\/{rel}","templated":true}]}}