{"id":14131,"date":"2023-08-23T16:01:32","date_gmt":"2023-08-23T16:01:32","guid":{"rendered":"https:\/\/onefamhostels.com\/proteccion-de-datos\/"},"modified":"2026-03-06T12:37:59","modified_gmt":"2026-03-06T12:37:59","slug":"proteccion-datos","status":"publish","type":"page","link":"https:\/\/onefamhostels.com\/es\/proteccion-datos\/","title":{"rendered":"Protecci\u00f3n de Datos"},"content":{"rendered":"\n<p>RESPONSABLES: <strong>SIMBAD INVERSIONS, SL; HOST INVERSIONS, SL; HOSA HOSTELERIA, SL; SUNGATE HOSTEL SL; SANT JORDI PRAGA, SRO; GAG ENTERPRISES KFT; ONEFAM AMSTERDAM BV; HOSTEL ONE PORT LDA, NOTTING HILL HOSTEL LTD, LONDON WATERLO0 HOSTEL LTD <\/strong><\/p>\n\n<p>FINALIDAD: Gestionar el env\u00edo de la informaci\u00f3n solicitada, boletines informativos y publicidad. + info (2) <\/p>\n\n<p>LEGITIMACI\u00d3N: Consentimiento del interesado + info. (3)<\/p>\n\n<p>DESTINATARIOS: Responsables del tratamiento fuera de la UE. + info (4) <\/p>\n\n<p>Derechos: Acceder, rectificar y suprimir los datos. + info (5) <\/p>\n\n<p>Al cumplimentar los formularios disponibles, usted acepta proporcionarnos datos personales v\u00e1lidos que permitir\u00e1n la gesti\u00f3n de su solicitud por parte de <strong>SIMBAD INVERSIONS, SL; HOST INVERSIONS, SL; HOSA HOSTELERIA, SL; SUNGATE HOSTEL SL; SANT JORDI PRAGA, SRO; GAG ENTERPRISES KFT; ONEFAM AMSTERDAM BV; HOSTEL ONE PORT LDA, NOTTING HILL HOSTEL LTD, LONDON WATERLO0 HOSTEL LTD<\/strong> y su correcta identificaci\u00f3n.<\/p>\n\n<p>Los datos personales que debe proporcionarnos son imprescindibles para el env\u00edo de la informaci\u00f3n solicitada. La ausencia de estos datos o su inexactitud llevar\u00e1 a la imposibilidad de realizar los servicios de informaci\u00f3n. <\/p>\n\n<p>Los datos proporcionados se almacenan en un fichero propiedad de <strong>SIMBAD INVERSIONS, SL; HOST INVERSIONS, SL; HOSA HOSTELERIA, SL; SUNGATE HOSTEL SL; SANT JORDI PRAGA, SRO; GAG ENTERPRISES KFT; ONEFAM AMSTERDAM BV; HOSTEL ONE PORT LDA, NOTTING HILL HOSTEL LTD, LONDON WATERLO0 HOSTEL LTD que cumple con la normativa vigente sobre la Protecci\u00f3n de Datos Personales conforme a la <a href=\"https:\/\/boe.es\/buscar\/doc.php?id=BOE-A-1999-23750\" target=\"_blank\" rel=\"noreferrer noopener\">Ley Org\u00e1nica 15\/1999<\/a>, de 13 de diciembre, de Protecci\u00f3n de Datos de Car\u00e1cter Personal, LOPD, y el nuevo Reglamento 2016\/649 del Parlamento Europeo y del Consejo de 27 de abril de 2016.<\/strong><\/p>\n\n<p><strong>SIMBAD INVERSIONS, SL; HOST INVERSIONS, SL; HOSA HOSTELERIA, SL; SUNGATE HOSTEL SL; SANT JORDI PRAGA, SRO; GAG ENTERPRISES KFT; ONEFAM AMSTERDAM BV; HOSTEL ONE PORT LDA, NOTTING HILL HOSTEL LTD, LONDON WATERLO0 HOSTEL LTD<\/strong> undertake to comply with the duty of secrecy of such data, as well as to treat them with confidentiality, assuming the necessary measures to avoid their alteration, loss, treatment or unauthorized access, in accordance with the provisions of Law 15\/1999, of December 13, Protection of Personal Data.<\/p>\n\n<h2 class=\"wp-block-heading\">1. Responsable.<\/h2>\n\n<ul class=\"wp-block-list\">\n<li> \u00bfQui\u00e9n es responsable del tratamiento de tus datos?<\/li>\n\n\n\n<li>Identidad: SIMBAD INVERSIONS, SL \u2013 B55248405<\/li>\n\n\n\n<li>HOST INVERSIONS, SL \u2013 B90249657<\/li>\n\n\n\n<li>HOSA HOSTELERIA, SL &#8211; B91907915<\/li>\n\n\n\n<li>SUNGATE HOSTEL, SL B87129466<\/li>\n\n\n\n<li>GAG ENTERPRISES, KFT HU24846480<\/li>\n\n\n\n<li>ONEFAM AMSTERDAM, BV NL867795311B01<\/li>\n\n\n\n<li>SANT JORDI PRAGA, SRO CZ28412401<\/li>\n\n\n\n<li>HOSTEL ONE PORT, LDA PT515435201<\/li>\n\n\n\n<li>NOTTING HILL HOSTEL, LTD GB299611066<\/li>\n\n\n\n<li>LONDON WATERLO0 HOSTEL, LTD GB973681479<\/li>\n\n\n\n<li>Correo electr\u00f3nico: <a href=\"mailto:info@onefamhostels.com\">info@onefamhostels.com<\/a><\/li>\n\n\n\n<li>Responsable de Protecci\u00f3n de Datos: ARIANE ECHEVARR\u00cdA<\/li>\n\n\n\n<li>Contacto: <a style=\"text-align: var(--text-align);\" href=\"mailto:info@onefamhostels.com\">info@onefamhostels.com<\/a><\/li>\n<\/ul>\n\n<h2 class=\"wp-block-heading\">2. Purpose.<\/h2>\n\n<h3 class=\"wp-block-heading\">\u00bfCon qu\u00e9 finalidad tratamos tus datos personales?<\/h3>\n\n<p>Te informamos que los datos personales que nos proporcionas ser\u00e1n tratados en ficheros con el fin de prestar los servicios y\/o la informaci\u00f3n solicitada, boletines informativos y publicidad.<\/p>\n\n<p>Adem\u00e1s, SIMBAD INVERSIONS, SL dispone de c\u00e1maras de vigilancia en diversas oficinas, cuyas im\u00e1genes se almacenan durante 6 d\u00edas (salvo requerimiento legal espec\u00edfico).<\/p>\n\n<p>\u00danicamente SIMBAD INVERSIONS, SL tiene acceso a las im\u00e1genes.<br\/>\u00bfCu\u00e1nto tiempo conservaremos tus datos?<br\/>Los datos personales proporcionados se conservar\u00e1n mientras no se solicite su eliminaci\u00f3n por parte del interesado.  <\/p>\n\n<h2 class=\"wp-block-heading\">3. Legitimaci\u00f3n.<\/h2>\n\n<p>\u00bfCu\u00e1l es la legitimaci\u00f3n para el tratamiento de tus datos?<br\/>La base legal para el tratamiento de tus datos es la aceptaci\u00f3n de tu consentimiento <\/p>\n\n<h2 class=\"wp-block-heading\">4. Destinatarios.<\/h2>\n\n<h3 class=\"wp-block-heading\">\u00bfA qu\u00e9 destinatarios se comunicar\u00e1n tus datos?<\/h3>\n\n<p><strong>SIMBAD INVERSIONS, SL; HOST INVERSIONS, SL; HOSA HOSTELERIA, SL; SUNGATE HOSTEL SL; SANT JORDI PRAGA, SRO; GAG ENTERPRISES KFT; ONEFAM AMSTERDAM BV; HOSTEL ONE PORT LDA, NOTTING HILL HOSTEL LTD, LONDON WATERLO0 HOSTEL LTD<\/strong> pueden comunicar tus datos a 5 empresas en el extranjero. Tus datos solo se comunicar\u00e1n si has realizado una reserva en alguno de estos hostels. <\/p>\n\n<h3 class=\"wp-block-heading\">Empresas colaboradoras:<\/h3>\n\n<h3 class=\"wp-block-heading\">Praga.<\/h3>\n\n<ul class=\"wp-block-list\">\n<li>ONEFAM Hostel Home (SANT JORDI PRAGA, SRO &#8211; CZ28412401)<\/li>\n\n\n\n<li>ONEFAM Hostel Prage (SANT JORDI PRAGA, SRO &#8211; CZ28412401)<\/li>\n\n\n\n<li>ONEFAM Hostel Miru (SANT JORDI PRAGA, SRO &#8211; CZ28412401)<\/li>\n\n\n\n<li>Onefam Hostel Arbes (SANT JORDI PRAGA, SRO \u2013 CZ28412401)<\/li>\n<\/ul>\n\n<h3 class=\"wp-block-heading\">Budapest.<\/h3>\n\n<ul class=\"wp-block-list\">\n<li>ONEFAM Hostel Budapest (GAG ENTERPRISE, KFT &#8211; HU24846480)<\/li>\n<\/ul>\n\n<h3 class=\"wp-block-heading\">Londres.<\/h3>\n\n<ul class=\"wp-block-list\">\n<li>ONEFAM Hostel Notting Hill (NOTTING HILL HOSTEL, LTD &#8211; GB299611066)<\/li>\n\n\n\n<li>ONEFAM Hostel Waterloo (LONDON WATERLO0 HOSTEL, LTD &#8211; GB973681479)<\/li>\n<\/ul>\n\n<h3 class=\"wp-block-heading\">Madrid.<\/h3>\n\n<ul class=\"wp-block-list\">\n<li>ONEFAM Hostel Sungate (SUNGATE HOSTEL, SL &#8211; B87129466)<\/li>\n\n\n\n<li>ONEFAM Hostel Madrid (SUNGATE HOSTEL, SL &#8211; B87129466)<\/li>\n<\/ul>\n\n<h3 class=\"wp-block-heading\">Oporto<\/h3>\n\n<ul class=\"wp-block-list\">\n<li>ONEFAM Hostel Ribeira (HOSTEL ONE PORT, LDA &#8211; PT515435201)<\/li>\n<\/ul>\n\n<h3 class=\"wp-block-heading\">\u00c1msterdam<\/h3>\n\n<ul class=\"wp-block-list\">\n<li>Amsterdam ONEFAM Hostel Amstel. (Onefam Amsterdam BV -NL867795311B01) <\/li>\n<\/ul>\n\n<h2 class=\"wp-block-heading\">5. Derechos.<\/h2>\n\n<h3 class=\"wp-block-heading\">\u00bfCu\u00e1les son tus derechos cuando nos proporcionas tus datos?<\/h3>\n\n<ul class=\"wp-block-list\">\n<li>Las personas interesadas tienen derecho a acceder a sus datos personales, as\u00ed como a solicitar la rectificaci\u00f3n de los datos inexactos o, en su caso, solicitar su supresi\u00f3n cuando, entre otros motivos, los datos ya no sean necesarios para los fines para los que fueron recogidos.<\/li>\n\n\n\n<li>En determinadas circunstancias, los interesados podr\u00e1n solicitar la limitaci\u00f3n del tratamiento de sus datos, en cuyo caso solo los conservaremos para el ejercicio o la defensa de reclamaciones.<\/li>\n\n\n\n<li>En determinadas circunstancias y por motivos relacionados con su situaci\u00f3n particular, los interesados podr\u00e1n oponerse al tratamiento de sus datos. Simbad Inversions, SL dejar\u00e1 de tratar los datos, salvo por motivos leg\u00edtimos imperiosos, o el ejercicio o la defensa de posibles reclamaciones. <\/li>\n\n\n\n<li>Si no deseas recibir m\u00e1s boletines o publicidad a trav\u00e9s de tu correo electr\u00f3nico, puedes solicitar la baja enviando un correo electr\u00f3nico a <a href=\"mailto:info@onefamhostels.com\" target=\"_blank\" rel=\"noreferrer noopener\">info@onefamhostels.com<\/a> con el asunto \u201cdarse de baja del bolet\u00edn y publicidad\u201d.\nIn the course of 10 days you will receive a response as we accept your withdrawal.\n <\/li>\n<\/ul>\n\n<p>Para ejercer tus derechos, escribe un correo electr\u00f3nico a la persona responsable de la protecci\u00f3n de datos (secci\u00f3n responsable del archivo).<\/p>\n\n<h3 class=\"wp-block-heading\">\u00bfC\u00f3mo hemos obtenido tus datos?<\/h3>\n\n<p>The personal data that we treat in <strong>SIMBAD INVERSIONS, SL; HOST INVERSIONS, SL; HOSA HOSTELERIA, SL; SUNGATE HOSTEL SL; SANT JORDI PRAGA, SRO; GAG ENTERPRISES KFT; ONEFAM AMSTERDAM BV; HOSTEL ONE PORT LDA, NOTTING HILL HOSTEL LTD, LONDON WATERLO0 HOSTEL LTD<\/strong> come from:<\/p>\n\n<h2 class=\"wp-block-heading\">Formulario de contacto:<\/h2>\n\n<p>Formulario web<br\/>Las categor\u00edas de datos que se tratan son:<\/p>\n\n<ul class=\"wp-block-list\">\n<li>Formulario de contacto:<\/li>\n\n\n\n<li>Nombre<\/li>\n\n\n\n<li>E-mail<\/li>\n\n\n\n<li>Formulario de reserva:<\/li>\n\n\n\n<li>Nombre<\/li>\n\n\n\n<li>E-mail<\/li>\n\n\n\n<li>Tel\u00e9fono<\/li>\n\n\n\n<li>Pa\u00eds de residencia.<\/li>\n\n\n\n<li>N\u00famero de tarjeta de cr\u00e9dito<\/li>\n\n\n\n<li>Pasaporte o documento de identidad.<\/li>\n\n\n\n<li>Datos adjuntos (en caso de que facilite datos de su acompa\u00f1ante, como nombre, correo electr\u00f3nico, tel\u00e9fono, pa\u00eds de residencia, usted ser\u00e1 responsable de la sesi\u00f3n de datos a nuestra cartera de clientes).<\/li>\n<\/ul>\n\n<p><\/p>\n\n<p>No se tratan datos especialmente protegidos.<\/p>\n","protected":false},"excerpt":{"rendered":"<p>Protecci\u00f3n de datos \u2022 Responsables \u2022 Finalidad \u2022 Legitimaci\u00f3n \u2022 Destinatarios \u2022 Colaboraci\u00f3n \u2022 Derechos \u2022 ONEFAM HOSTELS en Europa<\/p>\n","protected":false},"author":7,"featured_media":10949,"parent":0,"menu_order":0,"comment_status":"open","ping_status":"closed","template":"","meta":{"_acf_changed":false,"inline_featured_image":false,"footnotes":""},"hostel-type":[],"class_list":["post-14131","page","type-page","status-publish","has-post-thumbnail","hentry"],"acf":[],"_links":{"self":[{"href":"https:\/\/onefamhostels.com\/es\/wp-json\/wp\/v2\/pages\/14131","targetHints":{"allow":["GET"]}}],"collection":[{"href":"https:\/\/onefamhostels.com\/es\/wp-json\/wp\/v2\/pages"}],"about":[{"href":"https:\/\/onefamhostels.com\/es\/wp-json\/wp\/v2\/types\/page"}],"author":[{"embeddable":true,"href":"https:\/\/onefamhostels.com\/es\/wp-json\/wp\/v2\/users\/7"}],"replies":[{"embeddable":true,"href":"https:\/\/onefamhostels.com\/es\/wp-json\/wp\/v2\/comments?post=14131"}],"version-history":[{"count":9,"href":"https:\/\/onefamhostels.com\/es\/wp-json\/wp\/v2\/pages\/14131\/revisions"}],"predecessor-version":[{"id":17936,"href":"https:\/\/onefamhostels.com\/es\/wp-json\/wp\/v2\/pages\/14131\/revisions\/17936"}],"wp:featuredmedia":[{"embeddable":true,"href":"https:\/\/onefamhostels.com\/es\/wp-json\/wp\/v2\/media\/10949"}],"wp:attachment":[{"href":"https:\/\/onefamhostels.com\/es\/wp-json\/wp\/v2\/media?parent=14131"}],"wp:term":[{"taxonomy":"hostel-type","embeddable":true,"href":"https:\/\/onefamhostels.com\/es\/wp-json\/wp\/v2\/hostel-type?post=14131"}],"curies":[{"name":"wp","href":"https:\/\/api.w.org\/{rel}","templated":true}]}}