{"id":14133,"date":"2024-09-18T14:48:09","date_gmt":"2024-09-18T14:48:09","guid":{"rendered":"https:\/\/onefamhostels.com\/cookies\/"},"modified":"2025-04-20T12:29:57","modified_gmt":"2025-04-20T12:29:57","slug":"cookies","status":"publish","type":"page","link":"https:\/\/onefamhostels.com\/es\/cookies\/","title":{"rendered":"Cookies"},"content":{"rendered":"\n<h2 class=\"wp-block-heading\">Sobre las cookies<\/h2>\n\n<h2 class=\"wp-block-heading\">\u00bfQu\u00e9 son las cookies?<\/h2>\n\n<p>Las cookies son peque\u00f1os archivos de texto que se almacenan en tu dispositivo cuando visitas nuestro sitio web. Estas cookies permiten que el sitio web funcione de manera m\u00e1s eficiente y recuerde tus preferencias, mejorando tu experiencia de usuario. Tambi\u00e9n se pueden usar para ofrecer contenido o publicidad personalizada.  <\/p>\n\n<h2 class=\"wp-block-heading\">Tipos de cookies que utilizamos<\/h2>\n\n<ol class=\"wp-block-list\">\n<li><strong>Cookies esenciales:<\/strong> Son necesarias para que el sitio web funcione correctamente. Estas cookies no almacenan informaci\u00f3n personal identificable y no pueden ser desactivadas. <\/li>\n\n\n\n<li><strong>Cookies de rendimiento: <\/strong>Nos permiten recopilar datos an\u00f3nimos sobre c\u00f3mo los usuarios interact\u00faan con el sitio para mejorar su rendimiento.<\/li>\n\n\n\n<li><strong>Cookies de funcionalidad<\/strong>: Proporcionan funcionalidades adicionales, como recordar tu idioma o preferencias de configuraci\u00f3n.<\/li>\n\n\n\n<li><strong>Cookies de publicidad\/marketing: <\/strong>Se utilizan para mostrar anuncios m\u00e1s relevantes para ti y medir la efectividad de nuestras campa\u00f1as publicitarias.<\/li>\n<\/ol>\n\n<h2 class=\"wp-block-heading\">Managing cookies<\/h2>\n\n<p>Gestionar las cookies<br\/>Puedes configurar tu navegador para bloquear o desactivar las cookies, aunque esto puede afectar la funcionalidad del sitio web. Para m\u00e1s informaci\u00f3n sobre c\u00f3mo gestionar o eliminar las cookies, por favor consulta la secci\u00f3n de \u00abAyuda\u00bb de tu navegador.<br\/> <\/p>\n\n<h2 class=\"wp-block-heading\">Informaci\u00f3n legal<\/h2>\n\n<p>This website is operated by Simbad Inversions SL, a company registered in Spain, with the following details:<\/p>\n\n<ul class=\"wp-block-list\">\n<li>Company Name: Simbad Inversions SL<\/li>\n\n\n\n<li>Tax ID (NIF): B55248405<\/li>\n<\/ul>\n\n<h2 class=\"wp-block-heading\">Legal references<\/h2>\n\n<p>Esta pol\u00edtica de cookies cumple con lo dispuesto en el Reglamento (UE) 2016\/679 (<a href=\"https:\/\/eur-lex.europa.eu\/eli\/reg\/2016\/679\/oj\/eng\" target=\"_blank\" data-type=\"link\" data-id=\"https:\/\/eur-lex.europa.eu\/eli\/reg\/2016\/679\/oj\/eng\" rel=\"noreferrer noopener\">Reglamento General de Protecci\u00f3n de Datos, GDPR<\/a>) y la Ley 34\/2002, de 11 de julio, de Servicios de la Sociedad de la Informaci\u00f3n y Comercio Electr\u00f3nico (LSSI-CE).<\/p>\n\n<ol class=\"wp-block-list\">\n<li><\/li>\n<\/ol>\n\n<script type=\"text\/javascript\" charset=\"UTF-8\" data-cookiescriptreport=\"report\" src=\"\/\/report.cookie-script.com\/r\/c03f91a5a2435fdded0856e0ed32649e.js\"><\/script>\n\n<p><a href=\"https:\/\/onefamhostels.com\/es\/\" data-type=\"page\" data-id=\"575\">Onefam Hostels cookies<\/a><\/p>\n","protected":false},"excerpt":{"rendered":"<p>Sobre las cookies<br \/>\n\u00bfQu\u00e9 son las cookies?<br \/>\nLas cookies son peque\u00f1os archivos de texto que se almacenan en tu dispositivo cuando visitas nuestro sitio web. Estas cookies permiten que el sitio web funcione de manera m\u00e1s eficiente y recuerde tus preferencias, mejorando tu experiencia de usuario. Tambi\u00e9n se pueden usar para ofrecer contenido o publicidad personalizada.  <\/p>\n","protected":false},"author":7,"featured_media":0,"parent":0,"menu_order":0,"comment_status":"closed","ping_status":"closed","template":"","meta":{"_acf_changed":false,"inline_featured_image":false,"footnotes":""},"hostel-type":[],"class_list":["post-14133","page","type-page","status-publish","hentry"],"acf":[],"_links":{"self":[{"href":"https:\/\/onefamhostels.com\/es\/wp-json\/wp\/v2\/pages\/14133","targetHints":{"allow":["GET"]}}],"collection":[{"href":"https:\/\/onefamhostels.com\/es\/wp-json\/wp\/v2\/pages"}],"about":[{"href":"https:\/\/onefamhostels.com\/es\/wp-json\/wp\/v2\/types\/page"}],"author":[{"embeddable":true,"href":"https:\/\/onefamhostels.com\/es\/wp-json\/wp\/v2\/users\/7"}],"replies":[{"embeddable":true,"href":"https:\/\/onefamhostels.com\/es\/wp-json\/wp\/v2\/comments?post=14133"}],"version-history":[{"count":4,"href":"https:\/\/onefamhostels.com\/es\/wp-json\/wp\/v2\/pages\/14133\/revisions"}],"predecessor-version":[{"id":15121,"href":"https:\/\/onefamhostels.com\/es\/wp-json\/wp\/v2\/pages\/14133\/revisions\/15121"}],"wp:attachment":[{"href":"https:\/\/onefamhostels.com\/es\/wp-json\/wp\/v2\/media?parent=14133"}],"wp:term":[{"taxonomy":"hostel-type","embeddable":true,"href":"https:\/\/onefamhostels.com\/es\/wp-json\/wp\/v2\/hostel-type?post=14133"}],"curies":[{"name":"wp","href":"https:\/\/api.w.org\/{rel}","templated":true}]}}