{"id":16577,"date":"2025-08-28T13:36:36","date_gmt":"2025-08-28T13:36:36","guid":{"rendered":"https:\/\/onefamhostels.com\/gracias\/"},"modified":"2025-09-28T23:51:48","modified_gmt":"2025-09-28T23:51:48","slug":"gracias","status":"publish","type":"page","link":"https:\/\/onefamhostels.com\/es\/gracias\/","title":{"rendered":"Gracias"},"content":{"rendered":"\t\t<div data-elementor-type=\"wp-page\" data-elementor-id=\"16577\" class=\"elementor elementor-16577 elementor-16062\" data-elementor-post-type=\"page\">\n\t\t\t\t<div class=\"elementor-element elementor-element-ef3bcd2 e-flex e-con-boxed e-con e-parent\" data-id=\"ef3bcd2\" data-element_type=\"container\" data-e-type=\"container\" data-settings=\"{&quot;background_background&quot;:&quot;gradient&quot;}\">\n\t\t\t\t\t<div class=\"e-con-inner\">\n\t\t<div class=\"elementor-element elementor-element-5251ac2 e-con-full e-flex e-con e-child\" data-id=\"5251ac2\" data-element_type=\"container\" data-e-type=\"container\">\n\t\t\t\t<div class=\"elementor-element elementor-element-d63d239 elementor-widget__width-initial elementor-widget elementor-widget-heading\" data-id=\"d63d239\" data-element_type=\"widget\" data-e-type=\"widget\" data-widget_type=\"heading.default\">\n\t\t\t\t<div class=\"elementor-widget-container\">\n\t\t\t\t\t<h2 class=\"elementor-heading-title elementor-size-default\">\u00a1Ya est\u00e1 todo listo!<\/h2>\t\t\t\t<\/div>\n\t\t\t\t<\/div>\n\t\t\t\t<div class=\"elementor-element elementor-element-fe663fd elementor-widget elementor-widget-text-editor\" data-id=\"fe663fd\" data-element_type=\"widget\" data-e-type=\"widget\" data-widget_type=\"text-editor.default\">\n\t\t\t\t<div class=\"elementor-widget-container\">\n\t\t\t\t\t\t\t\t\t<strong>\u00a1Gracias por confirmar!<\/strong><br>A partir de ahora, ser\u00e1s el primero en conocer las \u00faltimas novedades, lo que ocurre en cada ciudad Onefam y las ofertas especiales.\t\t\t\t\t\t\t\t<\/div>\n\t\t\t\t<\/div>\n\t\t\t\t<div class=\"elementor-element elementor-element-e33d686 elementor-hidden-desktop elementor-hidden-tablet elementor-widget elementor-widget-image\" data-id=\"e33d686\" data-element_type=\"widget\" data-e-type=\"widget\" data-widget_type=\"image.default\">\n\t\t\t\t<div class=\"elementor-widget-container\">\n\t\t\t\t\t\t\t\t\t\t\t\t\t\t\t<img fetchpriority=\"high\" decoding=\"async\" width=\"800\" height=\"766\" src=\"https:\/\/onefamhostels.com\/wp-content\/uploads\/2025\/08\/mail_mobilepng-1024x980.png\" class=\"attachment-large size-large wp-image-16088\" alt=\"Mail mobile\" srcset=\"https:\/\/onefamhostels.com\/wp-content\/uploads\/2025\/08\/mail_mobilepng-1024x980.png 1024w, https:\/\/onefamhostels.com\/wp-content\/uploads\/2025\/08\/mail_mobilepng-320x306.png 320w, https:\/\/onefamhostels.com\/wp-content\/uploads\/2025\/08\/mail_mobilepng-768x735.png 768w, https:\/\/onefamhostels.com\/wp-content\/uploads\/2025\/08\/mail_mobilepng.png 1307w\" sizes=\"(max-width: 800px) 100vw, 800px\" \/>\t\t\t\t\t\t\t\t\t\t\t\t\t\t\t<\/div>\n\t\t\t\t<\/div>\n\t\t\t\t<div class=\"elementor-element elementor-element-21ab280 elementor-widget__width-initial elementor-widget elementor-widget-heading\" data-id=\"21ab280\" data-element_type=\"widget\" data-e-type=\"widget\" data-widget_type=\"heading.default\">\n\t\t\t\t<div class=\"elementor-widget-container\">\n\t\t\t\t\t<p class=\"elementor-heading-title elementor-size-default\">Mantente atento... tu pr\u00f3xima aventura podr\u00eda estar a la vuelta de la esquina. \ud83c\udf0d<\/p>\t\t\t\t<\/div>\n\t\t\t\t<\/div>\n\t\t\t\t<\/div>\n\t\t<div class=\"elementor-element elementor-element-7c6c898 e-con-full elementor-hidden-tablet elementor-hidden-mobile e-flex e-con e-child\" data-id=\"7c6c898\" data-element_type=\"container\" data-e-type=\"container\">\n\t\t\t\t<div class=\"elementor-element elementor-element-60e29da elementor-widget elementor-widget-image\" data-id=\"60e29da\" data-element_type=\"widget\" data-e-type=\"widget\" data-widget_type=\"image.default\">\n\t\t\t\t<div class=\"elementor-widget-container\">\n\t\t\t\t\t\t\t\t\t\t\t\t\t\t\t<img decoding=\"async\" width=\"800\" height=\"766\" src=\"https:\/\/onefamhostels.com\/wp-content\/uploads\/2025\/08\/mail_desktop-1024x980.png\" class=\"attachment-large size-large wp-image-16086\" alt=\"Mail desktop\" srcset=\"https:\/\/onefamhostels.com\/wp-content\/uploads\/2025\/08\/mail_desktop-1024x980.png 1024w, https:\/\/onefamhostels.com\/wp-content\/uploads\/2025\/08\/mail_desktop-320x306.png 320w, https:\/\/onefamhostels.com\/wp-content\/uploads\/2025\/08\/mail_desktop-768x735.png 768w, https:\/\/onefamhostels.com\/wp-content\/uploads\/2025\/08\/mail_desktop-1536x1470.png 1536w, https:\/\/onefamhostels.com\/wp-content\/uploads\/2025\/08\/mail_desktop-2048x1960.png 2048w\" sizes=\"(max-width: 800px) 100vw, 800px\" \/>\t\t\t\t\t\t\t\t\t\t\t\t\t\t\t<\/div>\n\t\t\t\t<\/div>\n\t\t\t\t<\/div>\n\t\t\t\t\t<\/div>\n\t\t\t\t<\/div>\n\t\t\t\t<\/div>\n\t\t","protected":false},"excerpt":{"rendered":"<p>\u00a1Ya est\u00e1 todo listo! \u00a1Gracias por confirmar!A partir de ahora, ser\u00e1s el primero en conocer las \u00faltimas novedades, lo que ocurre en cada ciudad Onefam y las ofertas especiales. Mantente atento&#8230; tu pr\u00f3xima aventura podr\u00eda estar a la vuelta de la esquina. \ud83c\udf0d<\/p>\n","protected":false},"author":7,"featured_media":0,"parent":0,"menu_order":0,"comment_status":"closed","ping_status":"closed","template":"elementor_header_footer","meta":{"_acf_changed":false,"inline_featured_image":false,"footnotes":""},"hostel-type":[],"class_list":["post-16577","page","type-page","status-publish","hentry"],"acf":[],"_links":{"self":[{"href":"https:\/\/onefamhostels.com\/es\/wp-json\/wp\/v2\/pages\/16577","targetHints":{"allow":["GET"]}}],"collection":[{"href":"https:\/\/onefamhostels.com\/es\/wp-json\/wp\/v2\/pages"}],"about":[{"href":"https:\/\/onefamhostels.com\/es\/wp-json\/wp\/v2\/types\/page"}],"author":[{"embeddable":true,"href":"https:\/\/onefamhostels.com\/es\/wp-json\/wp\/v2\/users\/7"}],"replies":[{"embeddable":true,"href":"https:\/\/onefamhostels.com\/es\/wp-json\/wp\/v2\/comments?post=16577"}],"version-history":[{"count":1,"href":"https:\/\/onefamhostels.com\/es\/wp-json\/wp\/v2\/pages\/16577\/revisions"}],"predecessor-version":[{"id":16578,"href":"https:\/\/onefamhostels.com\/es\/wp-json\/wp\/v2\/pages\/16577\/revisions\/16578"}],"wp:attachment":[{"href":"https:\/\/onefamhostels.com\/es\/wp-json\/wp\/v2\/media?parent=16577"}],"wp:term":[{"taxonomy":"hostel-type","embeddable":true,"href":"https:\/\/onefamhostels.com\/es\/wp-json\/wp\/v2\/hostel-type?post=16577"}],"curies":[{"name":"wp","href":"https:\/\/api.w.org\/{rel}","templated":true}]}}